{"id":178,"date":"2024-02-28T14:08:50","date_gmt":"2024-02-28T13:08:50","guid":{"rendered":"https:\/\/leidenkennisstad.nl\/erfgoeddealleiden\/?page_id=178"},"modified":"2024-12-12T17:02:12","modified_gmt":"2024-12-12T16:02:12","slug":"erfgoed-deal-leiden","status":"publish","type":"page","link":"https:\/\/leidenkennisstad.nl\/erfgoeddealleiden\/erfgoed-deal-leiden\/","title":{"rendered":"Erfgoed Deal Leiden"},"content":{"rendered":"\t\t<div data-elementor-type=\"wp-page\" data-elementor-id=\"178\" class=\"elementor elementor-178\" data-elementor-post-type=\"page\">\n\t\t\t\t\t\t<section class=\"elementor-section elementor-top-section elementor-element elementor-element-5e1d5b9 elementor-section-boxed elementor-section-height-default elementor-section-height-default\" data-id=\"5e1d5b9\" data-element_type=\"section\" data-e-type=\"section\">\n\t\t\t\t\t\t<div class=\"elementor-container elementor-column-gap-default\">\n\t\t\t\t\t<div class=\"elementor-column elementor-col-100 elementor-top-column elementor-element elementor-element-2549a95\" data-id=\"2549a95\" data-element_type=\"column\" data-e-type=\"column\">\n\t\t\t<div class=\"elementor-widget-wrap elementor-element-populated\">\n\t\t\t\t\t\t<div class=\"elementor-element elementor-element-9922099 elementor-widget elementor-widget-heading\" data-id=\"9922099\" data-element_type=\"widget\" data-e-type=\"widget\" data-widget_type=\"heading.default\">\n\t\t\t\t<div class=\"elementor-widget-container\">\n\t\t\t\t\t<h1 class=\"elementor-heading-title elementor-size-default\">Over de Erfgoed Deal Leiden<\/h1>\t\t\t\t<\/div>\n\t\t\t\t<\/div>\n\t\t\t\t<div class=\"elementor-element elementor-element-3c00df1 animated-slow elementor-invisible elementor-widget elementor-widget-image\" data-id=\"3c00df1\" data-element_type=\"widget\" data-e-type=\"widget\" data-settings=\"{&quot;_animation&quot;:&quot;fadeIn&quot;,&quot;_animation_delay&quot;:500}\" data-widget_type=\"image.default\">\n\t\t\t\t<div class=\"elementor-widget-container\">\n\t\t\t\t\t\t\t\t\t\t\t\t\t\t\t<img decoding=\"async\" width=\"200\" height=\"10\" src=\"https:\/\/leidenkennisstad.nl\/erfgoeddealleiden\/wp-content\/uploads\/2024\/03\/streep.svg\" class=\"attachment-full size-full wp-image-277\" alt=\"\" \/>\t\t\t\t\t\t\t\t\t\t\t\t\t\t\t<\/div>\n\t\t\t\t<\/div>\n\t\t\t\t<div class=\"elementor-element elementor-element-8503797 inspringen dw-linken elementor-widget elementor-widget-text-editor\" data-id=\"8503797\" data-element_type=\"widget\" data-e-type=\"widget\" data-widget_type=\"text-editor.default\">\n\t\t\t\t<div class=\"elementor-widget-container\">\n\t\t\t\t\t\t\t\t\t<h4>Doel Erfgoed Deal Leiden<\/h4><p>De Erfgoed Deal Leiden zorgt ervoor dat ook toekomstige generaties kunnen blijven genieten van onze historische stad. Een stad die ingericht is op het klimaat van de toekomst met behoud van erfgoed, zowel monumenten, straten, stegen als water. Met de Erfgoed Deal Leiden ontwikkelen we ontwerpprincipes en ruimtelijke kaders om klimaatadaptieve maatregelen in de binnenstad te kunnen beoordelen vanuit historisch perspectief. Deze principes en kaders leggen we vast in toolboxen, voor zowel de publieke als private buitenruimte. Zo maakt Leiden de komende jaren goed onderbouwd overwegingen bij het inrichten van haar stad. Ook zorgen de toolboxen dat door integraal te werken versnippering in de uitvoering voorkomen wordt. De Erfgoed Deal Leiden draagt bij aan het inspireren en ondersteunen van particulieren partijen om hun steentje bij te dragen aan een historische stad die ingericht is op het veranderende klimaat. Het project start in 2024 en loopt in ieder geval tot eind 2026.<\/p><h4>Waarom een Erfgoed Deal Leiden<\/h4><p>De historische binnenstad van Leiden is niet alleen een plek waar mensen wonen, het is ook het economische en toeristische hart van de regio. Door de dichte bebouwing, en vaak stenige inrichting van stegen, grachten en pleinen, is de binnenstad met haar vele gebruikers, niet ingericht op het klimaat van de toekomst waarbij het vaker hevig regent en er lange droge, hete periodes zullen zijn. Dit heeft niet alleen negatieve invloed op de leefbaarheid in de stad voor mens en dier, maar vormt ook een risico voor het erfgoed en de meer dan 2800 monumentale panden in de stad. Dit roept voor Leiden en andere historische binnensteden de vraag op hoe deze uitdagingen aan te gaan. Het is zoeken naar een manier waarbij de historische binnenstad met zijn beschermd stadsgezicht ook in de toekomst leefbaar, inclusief en aantrekkelijk blijft voor de hoeveelheid functies en gebruikers die zij heeft.<\/p><h4>Aanpak Erfgoed Deal Leiden<\/h4><p>Het komen tot een alomvattend plan en ontwerp voor de binnenstad vereist een andere aanpak. Een aanpak waarin kennis en wensen op het gebied van klimaatadaptatie, cultureel erfgoed, biodiversiteit, aantrekkelijke groene ruimtes en water samenkomen. Hiervoor worden twee toolboxen ontwikkeld waarin deze kennis en wensen samen komen. E\u00e9n voor de gemeente en \u00e9\u00e9n voor particulieren zoals inwoners en ondernemers. Daarnaast wordt de subsidieregeling Vitale Binnenstad om particulieren op weg te helpen uitgebreid. Het informeren van de stad over de toolbox en de subsidie gebeurt via de communicatiekanalen van de gemeente. Ook wordt gekeken naar intermediairs die particulieren kunnen wijzen op de toolbox en subsidiemogelijkheden.<\/p><p>Het realiseren van de toolboxen vraagt om <a href=\"https:\/\/leidenkennisstad.nl\/erfgoeddealleiden\/onderzoek\/\">onderzoek<\/a>, het bundelen van kennis en expertise, communicatie en samenwerking. Leiden maakt daarbij gebruik van lopende projecten om zo kennis en ervaringen mee te nemen in nieuwe of vervolgstappen. Dit noemen we het principe van \u2018<em>learning by doing<\/em>&#8216;. Niet alleen binnen de afdelingen en disciplines van de gemeente wordt samengewerkt, maar ook daarbuiten. Er wordt samenwerking gezocht met erfgoedinstellingen, kennispartners, ingenieursbureaus en stadspartners. Leiden benut haar relaties met kennisinstellingen vanuit en stadspartners via Vitale Binnenstad.<\/p><p>De ervaringen uit het project worden gedeeld met andere steden en ge\u00efnteresseerden, door presentaties, nieuwsberichten, vlogs, etc. Deze zijn straks terug te vinden op deze website. Zo draagt Erfgoed Deal Leiden bij aan een werkwijze voor de uitvoering van projecten in Leiden, maar inspireert zij ook anderensteden. <\/p>\t\t\t\t\t\t\t\t<\/div>\n\t\t\t\t<\/div>\n\t\t\t\t\t<\/div>\n\t\t<\/div>\n\t\t\t\t\t<\/div>\n\t\t<\/section>\n\t\t\t\t<\/div>\n\t\t","protected":false},"excerpt":{"rendered":"<p>Over de Erfgoed Deal Leiden Doel Erfgoed Deal Leiden De Erfgoed Deal Leiden zorgt ervoor dat ook toekomstige generaties kunnen blijven genieten van onze historische stad. Een stad die ingericht is op het klimaat van de toekomst met behoud van erfgoed, zowel monumenten, straten, stegen als water. Met de Erfgoed Deal Leiden ontwikkelen we ontwerpprincipes [&hellip;]<\/p>\n","protected":false},"author":1,"featured_media":0,"parent":0,"menu_order":10,"comment_status":"closed","ping_status":"closed","template":"","meta":{"inline_featured_image":false,"footnotes":""},"class_list":["post-178","page","type-page","status-publish","hentry"],"yoast_head":"<!-- This site is optimized with the Yoast SEO plugin v27.6 - https:\/\/yoast.com\/product\/yoast-seo-wordpress\/ -->\n<title>Erfgoed Deal Leiden - Erfgoed Deal Leiden<\/title>\n<meta name=\"robots\" content=\"index, follow, max-snippet:-1, max-image-preview:large, max-video-preview:-1\" \/>\n<link rel=\"canonical\" href=\"https:\/\/leidenkennisstad.nl\/erfgoeddealleiden\/erfgoed-deal-leiden\/\" \/>\n<meta property=\"og:locale\" content=\"nl_NL\" \/>\n<meta property=\"og:type\" content=\"article\" \/>\n<meta property=\"og:title\" content=\"Erfgoed Deal Leiden - Erfgoed Deal Leiden\" \/>\n<meta property=\"og:description\" content=\"Over de Erfgoed Deal Leiden Doel Erfgoed Deal Leiden De Erfgoed Deal Leiden zorgt ervoor dat ook toekomstige generaties kunnen blijven genieten van onze historische stad. Een stad die ingericht is op het klimaat van de toekomst met behoud van erfgoed, zowel monumenten, straten, stegen als water. Met de Erfgoed Deal Leiden ontwikkelen we ontwerpprincipes [&hellip;]\" \/>\n<meta property=\"og:url\" content=\"https:\/\/leidenkennisstad.nl\/erfgoeddealleiden\/erfgoed-deal-leiden\/\" \/>\n<meta property=\"og:site_name\" content=\"Erfgoed Deal Leiden\" \/>\n<meta property=\"article:modified_time\" content=\"2024-12-12T16:02:12+00:00\" \/>\n<meta name=\"twitter:card\" content=\"summary_large_image\" \/>\n<meta name=\"twitter:label1\" content=\"Geschatte leestijd\" \/>\n\t<meta name=\"twitter:data1\" content=\"3 minuten\" \/>\n<script type=\"application\/ld+json\" class=\"yoast-schema-graph\">{\"@context\":\"https:\\\/\\\/schema.org\",\"@graph\":[{\"@type\":\"WebPage\",\"@id\":\"https:\\\/\\\/leidenkennisstad.nl\\\/erfgoeddealleiden\\\/erfgoed-deal-leiden\\\/\",\"url\":\"https:\\\/\\\/leidenkennisstad.nl\\\/erfgoeddealleiden\\\/erfgoed-deal-leiden\\\/\",\"name\":\"Erfgoed Deal Leiden - Erfgoed Deal Leiden\",\"isPartOf\":{\"@id\":\"https:\\\/\\\/leidenkennisstad.nl\\\/erfgoeddealleiden\\\/#website\"},\"primaryImageOfPage\":{\"@id\":\"https:\\\/\\\/leidenkennisstad.nl\\\/erfgoeddealleiden\\\/erfgoed-deal-leiden\\\/#primaryimage\"},\"image\":{\"@id\":\"https:\\\/\\\/leidenkennisstad.nl\\\/erfgoeddealleiden\\\/erfgoed-deal-leiden\\\/#primaryimage\"},\"thumbnailUrl\":\"https:\\\/\\\/leidenkennisstad.nl\\\/erfgoeddealleiden\\\/wp-content\\\/uploads\\\/2024\\\/03\\\/streep.svg\",\"datePublished\":\"2024-02-28T13:08:50+00:00\",\"dateModified\":\"2024-12-12T16:02:12+00:00\",\"breadcrumb\":{\"@id\":\"https:\\\/\\\/leidenkennisstad.nl\\\/erfgoeddealleiden\\\/erfgoed-deal-leiden\\\/#breadcrumb\"},\"inLanguage\":\"nl-NL\",\"potentialAction\":[{\"@type\":\"ReadAction\",\"target\":[\"https:\\\/\\\/leidenkennisstad.nl\\\/erfgoeddealleiden\\\/erfgoed-deal-leiden\\\/\"]}]},{\"@type\":\"ImageObject\",\"inLanguage\":\"nl-NL\",\"@id\":\"https:\\\/\\\/leidenkennisstad.nl\\\/erfgoeddealleiden\\\/erfgoed-deal-leiden\\\/#primaryimage\",\"url\":\"https:\\\/\\\/leidenkennisstad.nl\\\/erfgoeddealleiden\\\/wp-content\\\/uploads\\\/2024\\\/03\\\/streep.svg\",\"contentUrl\":\"https:\\\/\\\/leidenkennisstad.nl\\\/erfgoeddealleiden\\\/wp-content\\\/uploads\\\/2024\\\/03\\\/streep.svg\",\"width\":200,\"height\":10},{\"@type\":\"BreadcrumbList\",\"@id\":\"https:\\\/\\\/leidenkennisstad.nl\\\/erfgoeddealleiden\\\/erfgoed-deal-leiden\\\/#breadcrumb\",\"itemListElement\":[{\"@type\":\"ListItem\",\"position\":1,\"name\":\"Home\",\"item\":\"https:\\\/\\\/leidenkennisstad.nl\\\/erfgoeddealleiden\\\/\"},{\"@type\":\"ListItem\",\"position\":2,\"name\":\"Erfgoed Deal Leiden\"}]},{\"@type\":\"WebSite\",\"@id\":\"https:\\\/\\\/leidenkennisstad.nl\\\/erfgoeddealleiden\\\/#website\",\"url\":\"https:\\\/\\\/leidenkennisstad.nl\\\/erfgoeddealleiden\\\/\",\"name\":\"Erfgoed Deal Leiden\",\"description\":\"Klimaatbestendige Leidse Binnenstad\",\"publisher\":{\"@id\":\"https:\\\/\\\/leidenkennisstad.nl\\\/erfgoeddealleiden\\\/#organization\"},\"potentialAction\":[{\"@type\":\"SearchAction\",\"target\":{\"@type\":\"EntryPoint\",\"urlTemplate\":\"https:\\\/\\\/leidenkennisstad.nl\\\/erfgoeddealleiden\\\/?s={search_term_string}\"},\"query-input\":{\"@type\":\"PropertyValueSpecification\",\"valueRequired\":true,\"valueName\":\"search_term_string\"}}],\"inLanguage\":\"nl-NL\"},{\"@type\":\"Organization\",\"@id\":\"https:\\\/\\\/leidenkennisstad.nl\\\/erfgoeddealleiden\\\/#organization\",\"name\":\"Erfgoed Deal Leiden\",\"url\":\"https:\\\/\\\/leidenkennisstad.nl\\\/erfgoeddealleiden\\\/\",\"logo\":{\"@type\":\"ImageObject\",\"inLanguage\":\"nl-NL\",\"@id\":\"https:\\\/\\\/leidenkennisstad.nl\\\/erfgoeddealleiden\\\/#\\\/schema\\\/logo\\\/image\\\/\",\"url\":\"https:\\\/\\\/leidenkennisstad.nl\\\/erfgoeddealleiden\\\/wp-content\\\/uploads\\\/2024\\\/02\\\/Logo-Erfgoed-Deal-Leiden.svg\",\"contentUrl\":\"https:\\\/\\\/leidenkennisstad.nl\\\/erfgoeddealleiden\\\/wp-content\\\/uploads\\\/2024\\\/02\\\/Logo-Erfgoed-Deal-Leiden.svg\",\"width\":266,\"height\":15,\"caption\":\"Erfgoed Deal Leiden\"},\"image\":{\"@id\":\"https:\\\/\\\/leidenkennisstad.nl\\\/erfgoeddealleiden\\\/#\\\/schema\\\/logo\\\/image\\\/\"}}]}<\/script>\n<!-- \/ Yoast SEO plugin. -->","yoast_head_json":{"title":"Erfgoed Deal Leiden - Erfgoed Deal Leiden","robots":{"index":"index","follow":"follow","max-snippet":"max-snippet:-1","max-image-preview":"max-image-preview:large","max-video-preview":"max-video-preview:-1"},"canonical":"https:\/\/leidenkennisstad.nl\/erfgoeddealleiden\/erfgoed-deal-leiden\/","og_locale":"nl_NL","og_type":"article","og_title":"Erfgoed Deal Leiden - Erfgoed Deal Leiden","og_description":"Over de Erfgoed Deal Leiden Doel Erfgoed Deal Leiden De Erfgoed Deal Leiden zorgt ervoor dat ook toekomstige generaties kunnen blijven genieten van onze historische stad. Een stad die ingericht is op het klimaat van de toekomst met behoud van erfgoed, zowel monumenten, straten, stegen als water. Met de Erfgoed Deal Leiden ontwikkelen we ontwerpprincipes [&hellip;]","og_url":"https:\/\/leidenkennisstad.nl\/erfgoeddealleiden\/erfgoed-deal-leiden\/","og_site_name":"Erfgoed Deal Leiden","article_modified_time":"2024-12-12T16:02:12+00:00","twitter_card":"summary_large_image","twitter_misc":{"Geschatte leestijd":"3 minuten"},"schema":{"@context":"https:\/\/schema.org","@graph":[{"@type":"WebPage","@id":"https:\/\/leidenkennisstad.nl\/erfgoeddealleiden\/erfgoed-deal-leiden\/","url":"https:\/\/leidenkennisstad.nl\/erfgoeddealleiden\/erfgoed-deal-leiden\/","name":"Erfgoed Deal Leiden - Erfgoed Deal Leiden","isPartOf":{"@id":"https:\/\/leidenkennisstad.nl\/erfgoeddealleiden\/#website"},"primaryImageOfPage":{"@id":"https:\/\/leidenkennisstad.nl\/erfgoeddealleiden\/erfgoed-deal-leiden\/#primaryimage"},"image":{"@id":"https:\/\/leidenkennisstad.nl\/erfgoeddealleiden\/erfgoed-deal-leiden\/#primaryimage"},"thumbnailUrl":"https:\/\/leidenkennisstad.nl\/erfgoeddealleiden\/wp-content\/uploads\/2024\/03\/streep.svg","datePublished":"2024-02-28T13:08:50+00:00","dateModified":"2024-12-12T16:02:12+00:00","breadcrumb":{"@id":"https:\/\/leidenkennisstad.nl\/erfgoeddealleiden\/erfgoed-deal-leiden\/#breadcrumb"},"inLanguage":"nl-NL","potentialAction":[{"@type":"ReadAction","target":["https:\/\/leidenkennisstad.nl\/erfgoeddealleiden\/erfgoed-deal-leiden\/"]}]},{"@type":"ImageObject","inLanguage":"nl-NL","@id":"https:\/\/leidenkennisstad.nl\/erfgoeddealleiden\/erfgoed-deal-leiden\/#primaryimage","url":"https:\/\/leidenkennisstad.nl\/erfgoeddealleiden\/wp-content\/uploads\/2024\/03\/streep.svg","contentUrl":"https:\/\/leidenkennisstad.nl\/erfgoeddealleiden\/wp-content\/uploads\/2024\/03\/streep.svg","width":200,"height":10},{"@type":"BreadcrumbList","@id":"https:\/\/leidenkennisstad.nl\/erfgoeddealleiden\/erfgoed-deal-leiden\/#breadcrumb","itemListElement":[{"@type":"ListItem","position":1,"name":"Home","item":"https:\/\/leidenkennisstad.nl\/erfgoeddealleiden\/"},{"@type":"ListItem","position":2,"name":"Erfgoed Deal Leiden"}]},{"@type":"WebSite","@id":"https:\/\/leidenkennisstad.nl\/erfgoeddealleiden\/#website","url":"https:\/\/leidenkennisstad.nl\/erfgoeddealleiden\/","name":"Erfgoed Deal Leiden","description":"Klimaatbestendige Leidse Binnenstad","publisher":{"@id":"https:\/\/leidenkennisstad.nl\/erfgoeddealleiden\/#organization"},"potentialAction":[{"@type":"SearchAction","target":{"@type":"EntryPoint","urlTemplate":"https:\/\/leidenkennisstad.nl\/erfgoeddealleiden\/?s={search_term_string}"},"query-input":{"@type":"PropertyValueSpecification","valueRequired":true,"valueName":"search_term_string"}}],"inLanguage":"nl-NL"},{"@type":"Organization","@id":"https:\/\/leidenkennisstad.nl\/erfgoeddealleiden\/#organization","name":"Erfgoed Deal Leiden","url":"https:\/\/leidenkennisstad.nl\/erfgoeddealleiden\/","logo":{"@type":"ImageObject","inLanguage":"nl-NL","@id":"https:\/\/leidenkennisstad.nl\/erfgoeddealleiden\/#\/schema\/logo\/image\/","url":"https:\/\/leidenkennisstad.nl\/erfgoeddealleiden\/wp-content\/uploads\/2024\/02\/Logo-Erfgoed-Deal-Leiden.svg","contentUrl":"https:\/\/leidenkennisstad.nl\/erfgoeddealleiden\/wp-content\/uploads\/2024\/02\/Logo-Erfgoed-Deal-Leiden.svg","width":266,"height":15,"caption":"Erfgoed Deal Leiden"},"image":{"@id":"https:\/\/leidenkennisstad.nl\/erfgoeddealleiden\/#\/schema\/logo\/image\/"}}]}},"_links":{"self":[{"href":"https:\/\/leidenkennisstad.nl\/erfgoeddealleiden\/wp-json\/wp\/v2\/pages\/178","targetHints":{"allow":["GET"]}}],"collection":[{"href":"https:\/\/leidenkennisstad.nl\/erfgoeddealleiden\/wp-json\/wp\/v2\/pages"}],"about":[{"href":"https:\/\/leidenkennisstad.nl\/erfgoeddealleiden\/wp-json\/wp\/v2\/types\/page"}],"author":[{"embeddable":true,"href":"https:\/\/leidenkennisstad.nl\/erfgoeddealleiden\/wp-json\/wp\/v2\/users\/1"}],"replies":[{"embeddable":true,"href":"https:\/\/leidenkennisstad.nl\/erfgoeddealleiden\/wp-json\/wp\/v2\/comments?post=178"}],"version-history":[{"count":29,"href":"https:\/\/leidenkennisstad.nl\/erfgoeddealleiden\/wp-json\/wp\/v2\/pages\/178\/revisions"}],"predecessor-version":[{"id":1348,"href":"https:\/\/leidenkennisstad.nl\/erfgoeddealleiden\/wp-json\/wp\/v2\/pages\/178\/revisions\/1348"}],"wp:attachment":[{"href":"https:\/\/leidenkennisstad.nl\/erfgoeddealleiden\/wp-json\/wp\/v2\/media?parent=178"}],"curies":[{"name":"wp","href":"https:\/\/api.w.org\/{rel}","templated":true}]}}